{"id":3313,"date":"2025-12-17T11:16:50","date_gmt":"2025-12-17T11:16:50","guid":{"rendered":"https:\/\/estevezaesthetics.com\/?page_id=3313"},"modified":"2026-02-21T18:16:00","modified_gmt":"2026-02-21T18:16:00","slug":"privacy-policy","status":"publish","type":"page","link":"https:\/\/estevezaesthetics.com\/es\/privacy-policy\/","title":{"rendered":"Pol\u00edtica de privacidad"},"content":{"rendered":"<div data-elementor-type=\"wp-page\" data-elementor-id=\"3313\" class=\"elementor elementor-3313\" data-elementor-post-type=\"page\">\n\t\t\t\t<div class=\"elementor-element elementor-element-05bf51e e-flex e-con-boxed e-con e-parent\" data-id=\"05bf51e\" data-element_type=\"container\" data-e-type=\"container\" data-settings=\"{&quot;background_background&quot;:&quot;classic&quot;}\">\n\t\t\t\t\t<div class=\"e-con-inner\">\n\t\t<div class=\"elementor-element elementor-element-e254493 e-con-full e-flex e-con e-child\" data-id=\"e254493\" data-element_type=\"container\" data-e-type=\"container\">\n\t\t\t\t<div class=\"elementor-element elementor-element-3fb3512 animated-slow elementor-invisible elementor-widget elementor-widget-heading\" data-id=\"3fb3512\" data-element_type=\"widget\" data-e-type=\"widget\" data-settings=\"{&quot;_animation&quot;:&quot;fadeIn&quot;}\" data-widget_type=\"heading.default\">\n\t\t\t\t<div class=\"elementor-widget-container\">\n\t\t\t\t\t<h1 class=\"elementor-heading-title elementor-size-default\">Pol\u00edtica de privacidad<\/h1>\t\t\t\t<\/div>\n\t\t\t\t<\/div>\n\t\t\t\t<\/div>\n\t\t\t\t\t<\/div>\n\t\t\t\t<\/div>\n\t\t<div class=\"elementor-element elementor-element-34054b8 e-flex e-con-boxed e-con e-parent\" data-id=\"34054b8\" data-element_type=\"container\" data-e-type=\"container\" data-settings=\"{&quot;background_background&quot;:&quot;classic&quot;}\">\n\t\t\t\t\t<div class=\"e-con-inner\">\n\t\t<div class=\"elementor-element elementor-element-9a68b63 e-con-full e-flex e-con e-child\" data-id=\"9a68b63\" data-element_type=\"container\" data-e-type=\"container\">\n\t\t\t\t<div class=\"elementor-element elementor-element-d5e5a4c elementor-widget elementor-widget-text-editor\" data-id=\"d5e5a4c\" data-element_type=\"widget\" data-e-type=\"widget\" data-widget_type=\"text-editor.default\">\n\t\t\t\t<div class=\"elementor-widget-container\">\n\t\t\t\t\t\t\t\t\t<h5><span style=\"color: #d3a79d;\">Introducci\u00f3n<\/span><\/h5><p>Estevez Aesthetics Medical Spa se compromete a proteger la privacidad y la seguridad de la informaci\u00f3n personal de nuestros clientes. Esta pol\u00edtica de privacidad describe c\u00f3mo recopilamos, usamos, divulgamos y protegemos su informaci\u00f3n cuando visita nuestro sitio web, utiliza nuestra aplicaci\u00f3n o accede a nuestros servicios.<\/p><h5><span style=\"color: #d3a79d;\">Recopilaci\u00f3n y uso de informaci\u00f3n<\/span><\/h5><p>Recopilamos informaci\u00f3n personal que usted nos proporciona voluntariamente, como su nombre, datos de contacto e informaci\u00f3n de salud, para ofrecer servicios est\u00e9ticos personalizados y mejorar su experiencia. Tambi\u00e9n podemos recopilar informaci\u00f3n no personal, como el comportamiento de navegaci\u00f3n y datos del dispositivo, para optimizar la funcionalidad de nuestro sitio web y aplicaci\u00f3n.<\/p><h5><span style=\"color: #d3a79d;\">Compartici\u00f3n y Divulgaci\u00f3n de Datos<\/span><\/h5><p>Su privacidad es importante para nosotros. No vendemos, intercambiamos ni transferimos de otro modo su informaci\u00f3n personal identificable a terceros, excepto cuando sea necesario para proporcionar nuestros servicios, cumplir con la ley, hacer cumplir las pol\u00edticas de nuestro sitio o proteger nuestros derechos, propiedad o seguridad, o los de otros.<\/p><p>No compartimos n\u00fameros de tel\u00e9fono m\u00f3vil ni informaci\u00f3n personal identificable con terceros o afiliados con fines de marketing o promocionales.<\/p><h5><span style=\"color: #d3a79d;\">Seguridad de los Datos<\/span><\/h5><p>Implementamos una variedad de medidas de seguridad para mantener la seguridad de su informaci\u00f3n personal cuando la ingresa, env\u00eda o accede a ella.<\/p><h5><span style=\"color: #d3a79d;\">Pol\u00edtica de Citas<\/span><\/h5><p>Se aprecia la puntualidad para garantizar que reciba su tratamiento completo. Llegar tarde puede resultar en una reducci\u00f3n del tiempo de tratamiento o en la reprogramaci\u00f3n de la cita, especialmente si la tardanza supera los 10 minutos. Consulte nuestra pol\u00edtica de cancelaci\u00f3n para conocer las tarifas relacionadas con llegadas tard\u00edas.<\/p><h5><span style=\"color: #d3a79d;\">Pol\u00edtica de Cancelaci\u00f3n \/ No Presentarse<\/span><\/h5><p>Para respetar el tiempo de nuestros clientes y proveedores, requerimos un aviso de 24 horas para cancelaciones y un aviso de 3 horas para reprogramaciones.<br \/>Las cancelaciones realizadas dentro de las 24 horas previas a su cita programada est\u00e1n sujetas a una tarifa de cancelaci\u00f3n de $50.<br \/>Las reprogramaciones realizadas dentro de las 3 horas previas a su cita programada est\u00e1n sujetas a una tarifa de $50, ya que los cambios de \u00faltima hora nos impiden ocupar su espacio de cita.<\/p><p>Las ausencias sin aviso est\u00e1n sujetas a una tarifa de $50.<\/p><p>Las tarifas se aplican de la siguiente manera:<\/p><p>Citas de inyecciones\/medicas:<br \/>Tarifa fija de $50<\/p><p>Citas de salud de la piel:<br \/>Tarifa fija de $50<\/p><p>Las ausencias repetidas o cancelaciones tard\u00edas pueden requerir el prepago de futuros servicios, el cual no ser\u00e1 reembolsable si se incumple la pol\u00edtica.<\/p><h5><span style=\"color: #d3a79d;\">Pol\u00edtica de Reembolsos<\/span><\/h5><p>Todos los servicios prestados son finales, y no se ofrecen reembolsos. Los resultados est\u00e9ticos pueden variar, y aunque nos esforzamos por obtener los mejores resultados, no se pueden garantizar. Los clientes son responsables del costo de tratamientos adicionales necesarios para alcanzar los resultados deseados. Las compras de productos son finales, con cambios solo por productos defectuosos dentro de los 14 d\u00edas. Los certificados de regalo no son reembolsables.<\/p><h5><span style=\"color: #d3a79d;\">Pol\u00edtica para Ni\u00f1os y Mascotas<\/span><\/h5><p>Por seguridad y para mantener un ambiente relajante, solicitamos a los clientes que organicen el cuidado de los ni\u00f1os antes de sus citas. Las mascotas, excepto los animales de servicio, no deben acompa\u00f1ar a los clientes durante las citas para evitar inconvenientes y garantizar la seguridad y comodidad de todos los clientes.<\/p><h5><span style=\"color: #d3a79d;\">Cambios en Esta Pol\u00edtica<\/span><\/h5><p>Estevez Aesthetics Medical Spa se reserva el derecho de modificar esta pol\u00edtica de privacidad en cualquier momento. Los cambios se publicar\u00e1n en nuestro sitio web, y recomendamos a los clientes revisar la pol\u00edtica peri\u00f3dicamente.<\/p><h5><span style=\"color: #d3a79d;\">Cont\u00e1ctanos<\/span><\/h5><p>Para preguntas sobre esta pol\u00edtica de privacidad o nuestras pr\u00e1cticas, comun\u00edquese con nosotros al 702-609-5915. Al usar nuestros servicios, sitio web o aplicaci\u00f3n, usted acepta esta pol\u00edtica de privacidad. <a href=\"tel:702-609-5915\">702-609-5915<\/a>. By using our services, website, or app, you consent to this privacy policy.<\/p>\t\t\t\t\t\t\t\t<\/div>\n\t\t\t\t<\/div>\n\t\t\t\t<\/div>\n\t\t\t\t\t<\/div>\n\t\t\t\t<\/div>\n\t\t\t\t<\/div>","protected":false},"excerpt":{"rendered":"<p>Privacy Policy Introduction Estevez Aesthetics Medical Spa is committed to protecting the privacy and security of our clients\u2019 personal information. This privacy policy outlines how we collect, use, disclose, and safeguard your information when you visit our website, use our app, or access our services. Information Collection and Use We collect personal information that you [&hellip;]<\/p>\n","protected":false},"author":1,"featured_media":0,"parent":0,"menu_order":0,"comment_status":"closed","ping_status":"closed","template":"elementor_header_footer","meta":{"footnotes":""},"class_list":["post-3313","page","type-page","status-publish","hentry"],"_links":{"self":[{"href":"https:\/\/estevezaesthetics.com\/es\/wp-json\/wp\/v2\/pages\/3313","targetHints":{"allow":["GET"]}}],"collection":[{"href":"https:\/\/estevezaesthetics.com\/es\/wp-json\/wp\/v2\/pages"}],"about":[{"href":"https:\/\/estevezaesthetics.com\/es\/wp-json\/wp\/v2\/types\/page"}],"author":[{"embeddable":true,"href":"https:\/\/estevezaesthetics.com\/es\/wp-json\/wp\/v2\/users\/1"}],"replies":[{"embeddable":true,"href":"https:\/\/estevezaesthetics.com\/es\/wp-json\/wp\/v2\/comments?post=3313"}],"version-history":[{"count":0,"href":"https:\/\/estevezaesthetics.com\/es\/wp-json\/wp\/v2\/pages\/3313\/revisions"}],"wp:attachment":[{"href":"https:\/\/estevezaesthetics.com\/es\/wp-json\/wp\/v2\/media?parent=3313"}],"curies":[{"name":"wp","href":"https:\/\/api.w.org\/{rel}","templated":true}]}}