{"id":2251,"date":"2025-12-13T16:12:35","date_gmt":"2025-12-13T16:12:35","guid":{"rendered":"https:\/\/estevezaesthetics.com\/?page_id=2251"},"modified":"2026-02-21T18:20:45","modified_gmt":"2026-02-21T18:20:45","slug":"financing-options","status":"publish","type":"page","link":"https:\/\/estevezaesthetics.com\/es\/financing-options\/","title":{"rendered":"Opciones de financiamiento"},"content":{"rendered":"<div data-elementor-type=\"wp-page\" data-elementor-id=\"2251\" class=\"elementor elementor-2251\" data-elementor-post-type=\"page\">\n\t\t\t\t<div class=\"elementor-element elementor-element-05bf51e e-flex e-con-boxed e-con e-parent\" data-id=\"05bf51e\" data-element_type=\"container\" data-e-type=\"container\" data-settings=\"{&quot;background_background&quot;:&quot;classic&quot;}\">\n\t\t\t\t\t<div class=\"e-con-inner\">\n\t\t<div class=\"elementor-element elementor-element-e254493 e-con-full e-flex e-con e-child\" data-id=\"e254493\" data-element_type=\"container\" data-e-type=\"container\">\n\t\t\t\t<div class=\"elementor-element elementor-element-3fb3512 animated-slow elementor-invisible elementor-widget elementor-widget-heading\" data-id=\"3fb3512\" data-element_type=\"widget\" data-e-type=\"widget\" data-settings=\"{&quot;_animation&quot;:&quot;fadeIn&quot;}\" data-widget_type=\"heading.default\">\n\t\t\t\t<div class=\"elementor-widget-container\">\n\t\t\t\t\t<h1 class=\"elementor-heading-title elementor-size-default\">Opciones de financiamiento para tratamientos est\u00e9ticos en Las Vegas<\/h1>\t\t\t\t<\/div>\n\t\t\t\t<\/div>\n\t\t\t\t<div class=\"elementor-element elementor-element-1118195 animated-slow elementor-widget__width-initial elementor-invisible elementor-widget elementor-widget-text-editor\" data-id=\"1118195\" data-element_type=\"widget\" data-e-type=\"widget\" data-settings=\"{&quot;_animation&quot;:&quot;fadeIn&quot;}\" data-widget_type=\"text-editor.default\">\n\t\t\t\t<div class=\"elementor-widget-container\">\n\t\t\t\t\t\t\t\t\t<p>Spa m\u00e9dico en Las Vegas, NV<\/p>\t\t\t\t\t\t\t\t<\/div>\n\t\t\t\t<\/div>\n\t\t\t\t<\/div>\n\t\t\t\t\t<\/div>\n\t\t\t\t<\/div>\n\t\t<div class=\"elementor-element elementor-element-34054b8 e-con-full e-flex e-con e-parent\" data-id=\"34054b8\" data-element_type=\"container\" data-e-type=\"container\" data-settings=\"{&quot;background_background&quot;:&quot;classic&quot;}\">\n\t\t<div class=\"elementor-element elementor-element-9a68b63 e-con-full e-flex e-con e-child\" data-id=\"9a68b63\" data-element_type=\"container\" data-e-type=\"container\">\n\t\t\t\t<div class=\"elementor-element elementor-element-83987e5 animated-slow elementor-widget__width-initial elementor-invisible elementor-widget elementor-widget-heading\" data-id=\"83987e5\" data-element_type=\"widget\" data-e-type=\"widget\" data-settings=\"{&quot;_animation&quot;:&quot;fadeIn&quot;}\" data-widget_type=\"heading.default\">\n\t\t\t\t<div class=\"elementor-widget-container\">\n\t\t\t\t\t<h2 class=\"elementor-heading-title elementor-size-default\">Soluciones de pago flexibles para tus objetivos est\u00e9ticos.<\/h2>\t\t\t\t<\/div>\n\t\t\t\t<\/div>\n\t\t\t\t<div class=\"elementor-element elementor-element-7e3e46c elementor-widget__width-initial animated-slow elementor-invisible elementor-widget elementor-widget-text-editor\" data-id=\"7e3e46c\" data-element_type=\"widget\" data-e-type=\"widget\" data-settings=\"{&quot;_animation&quot;:&quot;fadeIn&quot;}\" data-widget_type=\"text-editor.default\">\n\t\t\t\t<div class=\"elementor-widget-container\">\n\t\t\t\t\t\t\t\t\t<p>En Estevez Aesthetics, creemos que todos merecen acceder a cuidados est\u00e9ticos y de bienestar de alta calidad sin preocupaciones financieras. Para hacer que los tratamientos sean m\u00e1s accesibles y asequibles, ofrecemos con orgullo opciones de financiamiento convenientes que te permiten recibir los servicios que deseas mientras pagas a plazos.<br \/>Ya sea que est\u00e9 planeando un tratamiento avanzado de la piel, un procedimiento l\u00e1ser, una terapia de bienestar o uno de nuestros paquetes de rejuvenecimiento exclusivos, el financiamiento puede ayudarle a avanzar con confianza y facilidad.<\/p>\t\t\t\t\t\t\t\t<\/div>\n\t\t\t\t<\/div>\n\t\t\t\t<div class=\"elementor-element elementor-element-e6528e3 elementor-align-center animated-slow elementor-invisible elementor-widget elementor-widget-button\" data-id=\"e6528e3\" data-element_type=\"widget\" data-e-type=\"widget\" data-settings=\"{&quot;_animation&quot;:&quot;fadeIn&quot;}\" data-widget_type=\"button.default\">\n\t\t\t\t<div class=\"elementor-widget-container\">\n\t\t\t\t\t\t\t\t\t<div class=\"elementor-button-wrapper\">\n\t\t\t\t\t<a class=\"elementor-button elementor-button-link elementor-size-sm elementor-animation-float\" href=\"https:\/\/estevezaesthetics.com\/es\/contact\/\">\n\t\t\t\t\t\t<span class=\"elementor-button-content-wrapper\">\n\t\t\t\t\t\t<span class=\"elementor-button-icon\">\n\t\t\t\t<svg aria-hidden=\"true\" class=\"e-font-icon-svg e-fas-angle-right\" viewbox=\"0 0 256 512\" xmlns=\"http:\/\/www.w3.org\/2000\/svg\"><path d=\"M224.3 273l-136 136c-9.4 9.4-24.6 9.4-33.9 0l-22.6-22.6c-9.4-9.4-9.4-24.6 0-33.9l96.4-96.4-96.4-96.4c-9.4-9.4-9.4-24.6 0-33.9L54.3 103c9.4-9.4 24.6-9.4 33.9 0l136 136c9.5 9.4 9.5 24.6.1 34z\"><\/path><\/svg>\t\t\t<\/span>\n\t\t\t\t\t\t\t\t\t<span class=\"elementor-button-text\">Ponte en contacto <\/span>\n\t\t\t\t\t<\/span>\n\t\t\t\t\t<\/a>\n\t\t\t\t<\/div>\n\t\t\t\t\t\t\t\t<\/div>\n\t\t\t\t<\/div>\n\t\t\t\t<\/div>\n\t\t\t\t<\/div>\n\t\t<div class=\"elementor-element elementor-element-f21468a e-flex e-con-boxed e-con e-parent\" data-id=\"f21468a\" data-element_type=\"container\" data-e-type=\"container\" data-settings=\"{&quot;background_background&quot;:&quot;classic&quot;}\">\n\t\t\t\t\t<div class=\"e-con-inner\">\n\t\t<div class=\"elementor-element elementor-element-eb85ae1 e-con-full e-flex e-con e-child\" data-id=\"eb85ae1\" data-element_type=\"container\" data-e-type=\"container\">\n\t\t\t\t<div class=\"elementor-element elementor-element-78bf09a elementor-widget elementor-widget-image\" data-id=\"78bf09a\" data-element_type=\"widget\" data-e-type=\"widget\" data-widget_type=\"image.default\">\n\t\t\t\t<div class=\"elementor-widget-container\">\n\t\t\t\t\t\t\t\t\t\t\t\t\t\t\t<img decoding=\"async\" width=\"500\" height=\"65\" src=\"https:\/\/estevezaesthetics.com\/wp-content\/uploads\/2025\/12\/care-credit-logo.png\" class=\"attachment-large size-large wp-image-2857\" alt=\"CareCredit financing options logo\" srcset=\"https:\/\/estevezaesthetics.com\/wp-content\/uploads\/2025\/12\/care-credit-logo.png 500w, https:\/\/estevezaesthetics.com\/wp-content\/uploads\/2025\/12\/care-credit-logo-300x39.png 300w\" sizes=\"(max-width: 500px) 100vw, 500px\" \/>\t\t\t\t\t\t\t\t\t\t\t\t\t\t\t<\/div>\n\t\t\t\t<\/div>\n\t\t\t\t<div class=\"elementor-element elementor-element-93f0bf1 elementor-widget elementor-widget-heading\" data-id=\"93f0bf1\" data-element_type=\"widget\" data-e-type=\"widget\" data-widget_type=\"heading.default\">\n\t\t\t\t<div class=\"elementor-widget-container\">\n\t\t\t\t\t<h2 class=\"elementor-heading-title elementor-size-default\">CareCredit\u00ae \u2014 Su socio confiable para financiamiento de servicios de salud<\/h2>\t\t\t\t<\/div>\n\t\t\t\t<\/div>\n\t\t\t\t<div class=\"elementor-element elementor-element-ef56a52 elementor-widget elementor-widget-text-editor\" data-id=\"ef56a52\" data-element_type=\"widget\" data-e-type=\"widget\" data-widget_type=\"text-editor.default\">\n\t\t\t\t<div class=\"elementor-widget-container\">\n\t\t\t\t\t\t\t\t\t<p>CareCredit\u00ae es una de las soluciones de cr\u00e9dito para atenci\u00f3n m\u00e9dica m\u00e1s utilizadas en el pa\u00eds. Dise\u00f1ada espec\u00edficamente para servicios m\u00e9dicos y est\u00e9ticos, CareCredit\u00ae ofrece:<\/p>\t\t\t\t\t\t\t\t<\/div>\n\t\t\t\t<\/div>\n\t\t\t\t<div class=\"elementor-element elementor-element-e515037 elementor-align-center elementor-icon-list--layout-traditional elementor-list-item-link-full_width elementor-widget elementor-widget-icon-list\" data-id=\"e515037\" data-element_type=\"widget\" data-e-type=\"widget\" data-widget_type=\"icon-list.default\">\n\t\t\t\t<div class=\"elementor-widget-container\">\n\t\t\t\t\t\t\t<ul class=\"elementor-icon-list-items\">\n\t\t\t\t\t\t\t<li class=\"elementor-icon-list-item\">\n\t\t\t\t\t\t\t\t\t\t\t<span class=\"elementor-icon-list-icon\">\n\t\t\t\t\t\t\t<svg xmlns=\"http:\/\/www.w3.org\/2000\/svg\" id=\"Layer_1\" viewbox=\"0 0 100 100\"><path d=\"m97.084938 7.6805987c-25.2616424 21.6229997-46.1987419 52.5397573-61.7509002 86.01434-.4157295.9147034-1.7047958.8944016-2.1206512 0-9.3770046-20.833168-19.1698647-36.1354523-30.2309799-44.1403999-.9771414-.7065887-.3534205-2.2456474.8317125-2.099968 12.0175714 1.5177422 25.1577148 9.3145714 30.4596596 17.3195152 14.5332624-25.3242073 34.8258306-44.140398 61.4806005-58.9858427 1.2266235-.6860294 2.3909454.9773955 1.3305587 1.8923554z\"><\/path><\/svg>\t\t\t\t\t\t<\/span>\n\t\t\t\t\t\t\t\t\t\t<span class=\"elementor-icon-list-text\">Planes de pago mensual flexibles<\/span>\n\t\t\t\t\t\t\t\t\t<\/li>\n\t\t\t\t\t\t\t\t<li class=\"elementor-icon-list-item\">\n\t\t\t\t\t\t\t\t\t\t\t<span class=\"elementor-icon-list-icon\">\n\t\t\t\t\t\t\t<svg xmlns=\"http:\/\/www.w3.org\/2000\/svg\" id=\"Layer_1\" viewbox=\"0 0 100 100\"><path d=\"m97.084938 7.6805987c-25.2616424 21.6229997-46.1987419 52.5397573-61.7509002 86.01434-.4157295.9147034-1.7047958.8944016-2.1206512 0-9.3770046-20.833168-19.1698647-36.1354523-30.2309799-44.1403999-.9771414-.7065887-.3534205-2.2456474.8317125-2.099968 12.0175714 1.5177422 25.1577148 9.3145714 30.4596596 17.3195152 14.5332624-25.3242073 34.8258306-44.140398 61.4806005-58.9858427 1.2266235-.6860294 2.3909454.9773955 1.3305587 1.8923554z\"><\/path><\/svg>\t\t\t\t\t\t<\/span>\n\t\t\t\t\t\t\t\t\t\t<span class=\"elementor-icon-list-text\">Opciones de financiamiento a corto y largo plazo<\/span>\n\t\t\t\t\t\t\t\t\t<\/li>\n\t\t\t\t\t\t\t\t<li class=\"elementor-icon-list-item\">\n\t\t\t\t\t\t\t\t\t\t\t<span class=\"elementor-icon-list-icon\">\n\t\t\t\t\t\t\t<svg xmlns=\"http:\/\/www.w3.org\/2000\/svg\" id=\"Layer_1\" viewbox=\"0 0 100 100\"><path d=\"m97.084938 7.6805987c-25.2616424 21.6229997-46.1987419 52.5397573-61.7509002 86.01434-.4157295.9147034-1.7047958.8944016-2.1206512 0-9.3770046-20.833168-19.1698647-36.1354523-30.2309799-44.1403999-.9771414-.7065887-.3534205-2.2456474.8317125-2.099968 12.0175714 1.5177422 25.1577148 9.3145714 30.4596596 17.3195152 14.5332624-25.3242073 34.8258306-44.140398 61.4806005-58.9858427 1.2266235-.6860294 2.3909454.9773955 1.3305587 1.8923554z\"><\/path><\/svg>\t\t\t\t\t\t<\/span>\n\t\t\t\t\t\t\t\t\t\t<span class=\"elementor-icon-list-text\">Planes con intereses bajos o cero (para solicitantes calificados)<\/span>\n\t\t\t\t\t\t\t\t\t<\/li>\n\t\t\t\t\t\t\t\t<li class=\"elementor-icon-list-item\">\n\t\t\t\t\t\t\t\t\t\t\t<span class=\"elementor-icon-list-icon\">\n\t\t\t\t\t\t\t<svg xmlns=\"http:\/\/www.w3.org\/2000\/svg\" id=\"Layer_1\" viewbox=\"0 0 100 100\"><path d=\"m97.084938 7.6805987c-25.2616424 21.6229997-46.1987419 52.5397573-61.7509002 86.01434-.4157295.9147034-1.7047958.8944016-2.1206512 0-9.3770046-20.833168-19.1698647-36.1354523-30.2309799-44.1403999-.9771414-.7065887-.3534205-2.2456474.8317125-2.099968 12.0175714 1.5177422 25.1577148 9.3145714 30.4596596 17.3195152 14.5332624-25.3242073 34.8258306-44.140398 61.4806005-58.9858427 1.2266235-.6860294 2.3909454.9773955 1.3305587 1.8923554z\"><\/path><\/svg>\t\t\t\t\t\t<\/span>\n\t\t\t\t\t\t\t\t\t\t<span class=\"elementor-icon-list-text\">Solicitud r\u00e1pida y decisi\u00f3n de cr\u00e9dito instant\u00e1nea<\/span>\n\t\t\t\t\t\t\t\t\t<\/li>\n\t\t\t\t\t\t\t\t<li class=\"elementor-icon-list-item\">\n\t\t\t\t\t\t\t\t\t\t\t<span class=\"elementor-icon-list-icon\">\n\t\t\t\t\t\t\t<svg xmlns=\"http:\/\/www.w3.org\/2000\/svg\" id=\"Layer_1\" viewbox=\"0 0 100 100\"><path d=\"m97.084938 7.6805987c-25.2616424 21.6229997-46.1987419 52.5397573-61.7509002 86.01434-.4157295.9147034-1.7047958.8944016-2.1206512 0-9.3770046-20.833168-19.1698647-36.1354523-30.2309799-44.1403999-.9771414-.7065887-.3534205-2.2456474.8317125-2.099968 12.0175714 1.5177422 25.1577148 9.3145714 30.4596596 17.3195152 14.5332624-25.3242073 34.8258306-44.140398 61.4806005-58.9858427 1.2266235-.6860294 2.3909454.9773955 1.3305587 1.8923554z\"><\/path><\/svg>\t\t\t\t\t\t<\/span>\n\t\t\t\t\t\t\t\t\t\t<span class=\"elementor-icon-list-text\">Cobertura para tratamientos que no est\u00e1n cubiertos por el seguro<\/span>\n\t\t\t\t\t\t\t\t\t<\/li>\n\t\t\t\t\t\t<\/ul>\n\t\t\t\t\t\t<\/div>\n\t\t\t\t<\/div>\n\t\t\t\t<div class=\"elementor-element elementor-element-d5de99e elementor-widget elementor-widget-text-editor\" data-id=\"d5de99e\" data-element_type=\"widget\" data-e-type=\"widget\" data-widget_type=\"text-editor.default\">\n\t\t\t\t<div class=\"elementor-widget-container\">\n\t\t\t\t\t\t\t\t\t<p>Puede usar CareCredit\u00ae para servicios individuales, paquetes de tratamiento o cuidado continuo<\/p>\t\t\t\t\t\t\t\t<\/div>\n\t\t\t\t<\/div>\n\t\t\t\t<\/div>\n\t\t\t\t\t<\/div>\n\t\t\t\t<\/div>\n\t\t<div class=\"elementor-element elementor-element-c2c9ad2 e-con-full e-flex e-con e-parent\" data-id=\"c2c9ad2\" data-element_type=\"container\" data-e-type=\"container\" data-settings=\"{&quot;background_background&quot;:&quot;classic&quot;}\">\n\t\t<div class=\"elementor-element elementor-element-57320ca e-con-full e-flex e-con e-child\" data-id=\"57320ca\" data-element_type=\"container\" data-e-type=\"container\">\n\t\t\t\t<div class=\"elementor-element elementor-element-c5d9d4a animated-slow elementor-widget__width-initial elementor-invisible elementor-widget elementor-widget-heading\" data-id=\"c5d9d4a\" data-element_type=\"widget\" data-e-type=\"widget\" data-settings=\"{&quot;_animation&quot;:&quot;fadeIn&quot;}\" data-widget_type=\"heading.default\">\n\t\t\t\t<div class=\"elementor-widget-container\">\n\t\t\t\t\t<h2 class=\"elementor-heading-title elementor-size-default\">\u00bfPor qu\u00e9 elegir financiamiento?<\/h2>\t\t\t\t<\/div>\n\t\t\t\t<\/div>\n\t\t\t\t<div class=\"elementor-element elementor-element-90a6df2 elementor-widget elementor-widget-text-editor\" data-id=\"90a6df2\" data-element_type=\"widget\" data-e-type=\"widget\" data-widget_type=\"text-editor.default\">\n\t\t\t\t<div class=\"elementor-widget-container\">\n\t\t\t\t\t\t\t\t\t<p><strong>El financiamiento le ayuda a:<\/strong><\/p>\t\t\t\t\t\t\t\t<\/div>\n\t\t\t\t<\/div>\n\t\t\t\t<div class=\"elementor-element elementor-element-0d51449 elementor-align-center elementor-icon-list--layout-traditional elementor-list-item-link-full_width elementor-widget elementor-widget-icon-list\" data-id=\"0d51449\" data-element_type=\"widget\" data-e-type=\"widget\" data-widget_type=\"icon-list.default\">\n\t\t\t\t<div class=\"elementor-widget-container\">\n\t\t\t\t\t\t\t<ul class=\"elementor-icon-list-items\">\n\t\t\t\t\t\t\t<li class=\"elementor-icon-list-item\">\n\t\t\t\t\t\t\t\t\t\t\t<span class=\"elementor-icon-list-icon\">\n\t\t\t\t\t\t\t<svg xmlns=\"http:\/\/www.w3.org\/2000\/svg\" id=\"Layer_1\" viewbox=\"0 0 100 100\"><path d=\"m97.084938 7.6805987c-25.2616424 21.6229997-46.1987419 52.5397573-61.7509002 86.01434-.4157295.9147034-1.7047958.8944016-2.1206512 0-9.3770046-20.833168-19.1698647-36.1354523-30.2309799-44.1403999-.9771414-.7065887-.3534205-2.2456474.8317125-2.099968 12.0175714 1.5177422 25.1577148 9.3145714 30.4596596 17.3195152 14.5332624-25.3242073 34.8258306-44.140398 61.4806005-58.9858427 1.2266235-.6860294 2.3909454.9773955 1.3305587 1.8923554z\"><\/path><\/svg>\t\t\t\t\t\t<\/span>\n\t\t\t\t\t\t\t\t\t\t<span class=\"elementor-icon-list-text\">Comienza tus tratamientos de inmediato<\/span>\n\t\t\t\t\t\t\t\t\t<\/li>\n\t\t\t\t\t\t\t\t<li class=\"elementor-icon-list-item\">\n\t\t\t\t\t\t\t\t\t\t\t<span class=\"elementor-icon-list-icon\">\n\t\t\t\t\t\t\t<svg xmlns=\"http:\/\/www.w3.org\/2000\/svg\" id=\"Layer_1\" viewbox=\"0 0 100 100\"><path d=\"m97.084938 7.6805987c-25.2616424 21.6229997-46.1987419 52.5397573-61.7509002 86.01434-.4157295.9147034-1.7047958.8944016-2.1206512 0-9.3770046-20.833168-19.1698647-36.1354523-30.2309799-44.1403999-.9771414-.7065887-.3534205-2.2456474.8317125-2.099968 12.0175714 1.5177422 25.1577148 9.3145714 30.4596596 17.3195152 14.5332624-25.3242073 34.8258306-44.140398 61.4806005-58.9858427 1.2266235-.6860294 2.3909454.9773955 1.3305587 1.8923554z\"><\/path><\/svg>\t\t\t\t\t\t<\/span>\n\t\t\t\t\t\t\t\t\t\t<span class=\"elementor-icon-list-text\">Distribuye los pagos a lo largo del tiempo<\/span>\n\t\t\t\t\t\t\t\t\t<\/li>\n\t\t\t\t\t\t\t\t<li class=\"elementor-icon-list-item\">\n\t\t\t\t\t\t\t\t\t\t\t<span class=\"elementor-icon-list-icon\">\n\t\t\t\t\t\t\t<svg xmlns=\"http:\/\/www.w3.org\/2000\/svg\" id=\"Layer_1\" viewbox=\"0 0 100 100\"><path d=\"m97.084938 7.6805987c-25.2616424 21.6229997-46.1987419 52.5397573-61.7509002 86.01434-.4157295.9147034-1.7047958.8944016-2.1206512 0-9.3770046-20.833168-19.1698647-36.1354523-30.2309799-44.1403999-.9771414-.7065887-.3534205-2.2456474.8317125-2.099968 12.0175714 1.5177422 25.1577148 9.3145714 30.4596596 17.3195152 14.5332624-25.3242073 34.8258306-44.140398 61.4806005-58.9858427 1.2266235-.6860294 2.3909454.9773955 1.3305587 1.8923554z\"><\/path><\/svg>\t\t\t\t\t\t<\/span>\n\t\t\t\t\t\t\t\t\t\t<span class=\"elementor-icon-list-text\">Mantente constante con tus objetivos est\u00e9ticos y de bienestar<\/span>\n\t\t\t\t\t\t\t\t\t<\/li>\n\t\t\t\t\t\t\t\t<li class=\"elementor-icon-list-item\">\n\t\t\t\t\t\t\t\t\t\t\t<span class=\"elementor-icon-list-icon\">\n\t\t\t\t\t\t\t<svg xmlns=\"http:\/\/www.w3.org\/2000\/svg\" id=\"Layer_1\" viewbox=\"0 0 100 100\"><path d=\"m97.084938 7.6805987c-25.2616424 21.6229997-46.1987419 52.5397573-61.7509002 86.01434-.4157295.9147034-1.7047958.8944016-2.1206512 0-9.3770046-20.833168-19.1698647-36.1354523-30.2309799-44.1403999-.9771414-.7065887-.3534205-2.2456474.8317125-2.099968 12.0175714 1.5177422 25.1577148 9.3145714 30.4596596 17.3195152 14.5332624-25.3242073 34.8258306-44.140398 61.4806005-58.9858427 1.2266235-.6860294 2.3909454.9773955 1.3305587 1.8923554z\"><\/path><\/svg>\t\t\t\t\t\t<\/span>\n\t\t\t\t\t\t\t\t\t\t<span class=\"elementor-icon-list-text\">Invierte en resultados a largo plazo sin preocuparte por tu presupuesto<\/span>\n\t\t\t\t\t\t\t\t\t<\/li>\n\t\t\t\t\t\t<\/ul>\n\t\t\t\t\t\t<\/div>\n\t\t\t\t<\/div>\n\t\t\t\t<div class=\"elementor-element elementor-element-3b3ff23 elementor-widget elementor-widget-text-editor\" data-id=\"3b3ff23\" data-element_type=\"widget\" data-e-type=\"widget\" data-widget_type=\"text-editor.default\">\n\t\t\t\t<div class=\"elementor-widget-container\">\n\t\t\t\t\t\t\t\t\tEstamos aqu\u00ed para ayudarte a explorar tus opciones y elegir el plan que se adapte a tu estilo de vida.\t\t\t\t\t\t\t\t<\/div>\n\t\t\t\t<\/div>\n\t\t\t\t<div class=\"elementor-element elementor-element-a7b6c33 elementor-align-center animated-slow elementor-invisible elementor-widget elementor-widget-button\" data-id=\"a7b6c33\" data-element_type=\"widget\" data-e-type=\"widget\" data-settings=\"{&quot;_animation&quot;:&quot;fadeIn&quot;}\" data-widget_type=\"button.default\">\n\t\t\t\t<div class=\"elementor-widget-container\">\n\t\t\t\t\t\t\t\t\t<div class=\"elementor-button-wrapper\">\n\t\t\t\t\t<a class=\"elementor-button elementor-button-link elementor-size-sm elementor-animation-float\" href=\"https:\/\/www.carecredit.com\/apply\/\" target=\"_blank\" rel=\"noopener\">\n\t\t\t\t\t\t<span class=\"elementor-button-content-wrapper\">\n\t\t\t\t\t\t<span class=\"elementor-button-icon\">\n\t\t\t\t<svg aria-hidden=\"true\" class=\"e-font-icon-svg e-fas-angle-right\" viewbox=\"0 0 256 512\" xmlns=\"http:\/\/www.w3.org\/2000\/svg\"><path d=\"M224.3 273l-136 136c-9.4 9.4-24.6 9.4-33.9 0l-22.6-22.6c-9.4-9.4-9.4-24.6 0-33.9l96.4-96.4-96.4-96.4c-9.4-9.4-9.4-24.6 0-33.9L54.3 103c9.4-9.4 24.6-9.4 33.9 0l136 136c9.5 9.4 9.5 24.6.1 34z\"><\/path><\/svg>\t\t\t<\/span>\n\t\t\t\t\t\t\t\t\t<span class=\"elementor-button-text\">Aplica Ahora<\/span>\n\t\t\t\t\t<\/span>\n\t\t\t\t\t<\/a>\n\t\t\t\t<\/div>\n\t\t\t\t\t\t\t\t<\/div>\n\t\t\t\t<\/div>\n\t\t\t\t<\/div>\n\t\t\t\t<\/div>\n\t\t<div class=\"elementor-element elementor-element-3cec23a e-con-full e-flex e-con e-parent\" data-id=\"3cec23a\" data-element_type=\"container\" data-e-type=\"container\" data-settings=\"{&quot;background_background&quot;:&quot;classic&quot;}\">\n\t\t<div class=\"elementor-element elementor-element-c6ce01c e-flex e-con-boxed e-con e-child\" data-id=\"c6ce01c\" data-element_type=\"container\" data-e-type=\"container\">\n\t\t\t\t\t<div class=\"e-con-inner\">\n\t\t\t\t<div class=\"elementor-element elementor-element-c183c07 animated-slow elementor-widget__width-initial elementor-invisible elementor-widget elementor-widget-heading\" data-id=\"c183c07\" data-element_type=\"widget\" data-e-type=\"widget\" data-settings=\"{&quot;_animation&quot;:&quot;fadeIn&quot;}\" data-widget_type=\"heading.default\">\n\t\t\t\t<div class=\"elementor-widget-container\">\n\t\t\t\t\t<h2 class=\"elementor-heading-title elementor-size-default\">C\u00f3mo Empezar<\/h2>\t\t\t\t<\/div>\n\t\t\t\t<\/div>\n\t\t\t\t<div class=\"elementor-element elementor-element-8db45f0 elementor-widget elementor-widget-text-editor\" data-id=\"8db45f0\" data-element_type=\"widget\" data-e-type=\"widget\" data-widget_type=\"text-editor.default\">\n\t\t\t\t<div class=\"elementor-widget-container\">\n\t\t\t\t\t\t\t\t\t<p><strong>Solicitar es f\u00e1cil:<\/strong><\/p>\t\t\t\t\t\t\t\t<\/div>\n\t\t\t\t<\/div>\n\t\t\t\t<div class=\"elementor-element elementor-element-a579a33 elementor-align-center elementor-icon-list--layout-traditional elementor-list-item-link-full_width elementor-widget elementor-widget-icon-list\" data-id=\"a579a33\" data-element_type=\"widget\" data-e-type=\"widget\" data-widget_type=\"icon-list.default\">\n\t\t\t\t<div class=\"elementor-widget-container\">\n\t\t\t\t\t\t\t<ul class=\"elementor-icon-list-items\">\n\t\t\t\t\t\t\t<li class=\"elementor-icon-list-item\">\n\t\t\t\t\t\t\t\t\t\t\t<span class=\"elementor-icon-list-icon\">\n\t\t\t\t\t\t\t<svg xmlns=\"http:\/\/www.w3.org\/2000\/svg\" id=\"Layer_1\" viewbox=\"0 0 100 100\"><path d=\"m97.084938 7.6805987c-25.2616424 21.6229997-46.1987419 52.5397573-61.7509002 86.01434-.4157295.9147034-1.7047958.8944016-2.1206512 0-9.3770046-20.833168-19.1698647-36.1354523-30.2309799-44.1403999-.9771414-.7065887-.3534205-2.2456474.8317125-2.099968 12.0175714 1.5177422 25.1577148 9.3145714 30.4596596 17.3195152 14.5332624-25.3242073 34.8258306-44.140398 61.4806005-58.9858427 1.2266235-.6860294 2.3909454.9773955 1.3305587 1.8923554z\"><\/path><\/svg>\t\t\t\t\t\t<\/span>\n\t\t\t\t\t\t\t\t\t\t<span class=\"elementor-icon-list-text\">Haga clic en el bot\u00f3n \u201cAplicar\u201d arriba<\/span>\n\t\t\t\t\t\t\t\t\t<\/li>\n\t\t\t\t\t\t\t\t<li class=\"elementor-icon-list-item\">\n\t\t\t\t\t\t\t\t\t\t\t<span class=\"elementor-icon-list-icon\">\n\t\t\t\t\t\t\t<svg xmlns=\"http:\/\/www.w3.org\/2000\/svg\" id=\"Layer_1\" viewbox=\"0 0 100 100\"><path d=\"m97.084938 7.6805987c-25.2616424 21.6229997-46.1987419 52.5397573-61.7509002 86.01434-.4157295.9147034-1.7047958.8944016-2.1206512 0-9.3770046-20.833168-19.1698647-36.1354523-30.2309799-44.1403999-.9771414-.7065887-.3534205-2.2456474.8317125-2.099968 12.0175714 1.5177422 25.1577148 9.3145714 30.4596596 17.3195152 14.5332624-25.3242073 34.8258306-44.140398 61.4806005-58.9858427 1.2266235-.6860294 2.3909454.9773955 1.3305587 1.8923554z\"><\/path><\/svg>\t\t\t\t\t\t<\/span>\n\t\t\t\t\t\t\t\t\t\t<span class=\"elementor-icon-list-text\">Complete la solicitud en l\u00ednea de manera segura<\/span>\n\t\t\t\t\t\t\t\t\t<\/li>\n\t\t\t\t\t\t\t\t<li class=\"elementor-icon-list-item\">\n\t\t\t\t\t\t\t\t\t\t\t<span class=\"elementor-icon-list-icon\">\n\t\t\t\t\t\t\t<svg xmlns=\"http:\/\/www.w3.org\/2000\/svg\" id=\"Layer_1\" viewbox=\"0 0 100 100\"><path d=\"m97.084938 7.6805987c-25.2616424 21.6229997-46.1987419 52.5397573-61.7509002 86.01434-.4157295.9147034-1.7047958.8944016-2.1206512 0-9.3770046-20.833168-19.1698647-36.1354523-30.2309799-44.1403999-.9771414-.7065887-.3534205-2.2456474.8317125-2.099968 12.0175714 1.5177422 25.1577148 9.3145714 30.4596596 17.3195152 14.5332624-25.3242073 34.8258306-44.140398 61.4806005-58.9858427 1.2266235-.6860294 2.3909454.9773955 1.3305587 1.8923554z\"><\/path><\/svg>\t\t\t\t\t\t<\/span>\n\t\t\t\t\t\t\t\t\t\t<span class=\"elementor-icon-list-text\">Reciba una decisi\u00f3n en cuesti\u00f3n de minutos<\/span>\n\t\t\t\t\t\t\t\t\t<\/li>\n\t\t\t\t\t\t\t\t<li class=\"elementor-icon-list-item\">\n\t\t\t\t\t\t\t\t\t\t\t<span class=\"elementor-icon-list-icon\">\n\t\t\t\t\t\t\t<svg xmlns=\"http:\/\/www.w3.org\/2000\/svg\" id=\"Layer_1\" viewbox=\"0 0 100 100\"><path d=\"m97.084938 7.6805987c-25.2616424 21.6229997-46.1987419 52.5397573-61.7509002 86.01434-.4157295.9147034-1.7047958.8944016-2.1206512 0-9.3770046-20.833168-19.1698647-36.1354523-30.2309799-44.1403999-.9771414-.7065887-.3534205-2.2456474.8317125-2.099968 12.0175714 1.5177422 25.1577148 9.3145714 30.4596596 17.3195152 14.5332624-25.3242073 34.8258306-44.140398 61.4806005-58.9858427 1.2266235-.6860294 2.3909454.9773955 1.3305587 1.8923554z\"><\/path><\/svg>\t\t\t\t\t\t<\/span>\n\t\t\t\t\t\t\t\t\t\t<span class=\"elementor-icon-list-text\">Use su cuenta de CareCredit\u00ae inmediatamente despu\u00e9s de la aprobaci\u00f3n<\/span>\n\t\t\t\t\t\t\t\t\t<\/li>\n\t\t\t\t\t\t<\/ul>\n\t\t\t\t\t\t<\/div>\n\t\t\t\t<\/div>\n\t\t\t\t<div class=\"elementor-element elementor-element-b8ebec2 elementor-widget elementor-widget-text-editor\" data-id=\"b8ebec2\" data-element_type=\"widget\" data-e-type=\"widget\" data-widget_type=\"text-editor.default\">\n\t\t\t\t<div class=\"elementor-widget-container\">\n\t\t\t\t\t\t\t\t\tSi tiene preguntas, nuestro equipo con gusto lo guiar\u00e1 a lo largo del proceso\t\t\t\t\t\t\t\t<\/div>\n\t\t\t\t<\/div>\n\t\t\t\t\t<\/div>\n\t\t\t\t<\/div>\n\t\t\t\t<\/div>\n\t\t\t\t<\/div>","protected":false},"excerpt":{"rendered":"<p>Financing Options for Aesthetic Treatments in Las Vegas Medical Spa in Las Vegas NV Flexible Payment Solutions for Your Aesthetic Goals. At Estevez Aesthetics, we believe that everyone deserves access to high-quality aesthetic and wellness care without financial stress. To help make treatments more affordable and accessible, we proudly offer convenient financing options that allow [&hellip;]<\/p>\n","protected":false},"author":1,"featured_media":4038,"parent":0,"menu_order":0,"comment_status":"closed","ping_status":"closed","template":"elementor_header_footer","meta":{"footnotes":""},"class_list":["post-2251","page","type-page","status-publish","has-post-thumbnail","hentry"],"_links":{"self":[{"href":"https:\/\/estevezaesthetics.com\/es\/wp-json\/wp\/v2\/pages\/2251","targetHints":{"allow":["GET"]}}],"collection":[{"href":"https:\/\/estevezaesthetics.com\/es\/wp-json\/wp\/v2\/pages"}],"about":[{"href":"https:\/\/estevezaesthetics.com\/es\/wp-json\/wp\/v2\/types\/page"}],"author":[{"embeddable":true,"href":"https:\/\/estevezaesthetics.com\/es\/wp-json\/wp\/v2\/users\/1"}],"replies":[{"embeddable":true,"href":"https:\/\/estevezaesthetics.com\/es\/wp-json\/wp\/v2\/comments?post=2251"}],"version-history":[{"count":0,"href":"https:\/\/estevezaesthetics.com\/es\/wp-json\/wp\/v2\/pages\/2251\/revisions"}],"wp:featuredmedia":[{"embeddable":true,"href":"https:\/\/estevezaesthetics.com\/es\/wp-json\/wp\/v2\/media\/4038"}],"wp:attachment":[{"href":"https:\/\/estevezaesthetics.com\/es\/wp-json\/wp\/v2\/media?parent=2251"}],"curies":[{"name":"wp","href":"https:\/\/api.w.org\/{rel}","templated":true}]}}